{"id":261,"date":"2013-03-25T16:22:31","date_gmt":"2013-03-25T15:22:31","guid":{"rendered":"http:\/\/www.juttahenglein.de\/wp_jutta\/?page_id=261"},"modified":"2018-05-28T11:48:05","modified_gmt":"2018-05-28T09:48:05","slug":"impressum","status":"publish","type":"page","link":"https:\/\/www.juttahenglein.de\/?page_id=261","title":{"rendered":"Impressum"},"content":{"rendered":"<p>Jutta Henglein-Bildau \/\/ Gestaltung<br \/>\nLangendreesch 16<br \/>\n14532 Kleinmachnow<br \/>\n<a href=\"mailto:j.henglein@berlin.de\">j.henglein@berlin.de<\/a><\/p>\n<p>::::::::::::::::::::::::::::::::::::::::::::::::::::::::::::::::::::::::::::::::::::::::::::::::::::::::::::<\/p>\n<p>Der Inhalt dieser Website unterliegt dem Schutz des Urheber- und Wettbewerbsrechtes.<br \/>\nEr darf nur f\u00fcr den eigenen Bedarf geladen, ausgedruckt und kopiert werden. Jegliche Vervielf\u00e4ltigung, Verbreitung oder \u00f6ffentliche Wiedergabe, auch von Teilen bedarf der vorherigen schriftlichen Genehmigung. Alle Rechte an den hier aufgef\u00fchrten Projekten und Marken sowie Logos liegen bei deren Eigent\u00fcmern.<\/p>\n<p>\u00a9 Jutta Henglein-Bildau 2013<\/p>\n<p>::::::::::::::::::::::::::::::::::::::::::::::::::::::::::::::::::::::::::::::::::::::::::::::::::::::::::::<\/p>\n<p>Gestaltung \/\/ Jutta Henglein-Bildau<br \/>\nProgrammierung \/\/ Iliya Chilev<\/p>\n<p>&nbsp;<\/p>\n<p>&nbsp;<\/p>\n<p>&nbsp;<\/p>\n<p>&nbsp;<\/p>\n","protected":false},"excerpt":{"rendered":"<p>Jutta Henglein-Bildau \/\/ Gestaltung Langendreesch 16 14532 Kleinmachnow j.henglein@berlin.de :::::::::::::::::::::::::::::::::::::::::::::::::::::::::::::::::::::::::::::::::::::::::::::::::::::::::::: Der Inhalt dieser Website unterliegt dem Schutz des Urheber- und Wettbewerbsrechtes. Er darf nur f\u00fcr den eigenen Bedarf geladen, ausgedruckt und kopiert werden. Jegliche Vervielf\u00e4ltigung, Verbreitung oder \u00f6ffentliche Wiedergabe, auch von Teilen bedarf der vorherigen schriftlichen Genehmigung. Alle Rechte an den hier aufgef\u00fchrten Projekten und [&hellip;]<\/p>\n","protected":false},"author":2,"featured_media":0,"parent":0,"menu_order":0,"comment_status":"closed","ping_status":"open","template":"","meta":{"footnotes":""},"_links":{"self":[{"href":"https:\/\/www.juttahenglein.de\/index.php?rest_route=\/wp\/v2\/pages\/261"}],"collection":[{"href":"https:\/\/www.juttahenglein.de\/index.php?rest_route=\/wp\/v2\/pages"}],"about":[{"href":"https:\/\/www.juttahenglein.de\/index.php?rest_route=\/wp\/v2\/types\/page"}],"author":[{"embeddable":true,"href":"https:\/\/www.juttahenglein.de\/index.php?rest_route=\/wp\/v2\/users\/2"}],"replies":[{"embeddable":true,"href":"https:\/\/www.juttahenglein.de\/index.php?rest_route=%2Fwp%2Fv2%2Fcomments&post=261"}],"version-history":[{"count":8,"href":"https:\/\/www.juttahenglein.de\/index.php?rest_route=\/wp\/v2\/pages\/261\/revisions"}],"predecessor-version":[{"id":263,"href":"https:\/\/www.juttahenglein.de\/index.php?rest_route=\/wp\/v2\/pages\/261\/revisions\/263"}],"wp:attachment":[{"href":"https:\/\/www.juttahenglein.de\/index.php?rest_route=%2Fwp%2Fv2%2Fmedia&parent=261"}],"curies":[{"name":"wp","href":"https:\/\/api.w.org\/{rel}","templated":true}]}}