{"id":59,"date":"2012-03-28T11:47:25","date_gmt":"2012-03-28T09:47:25","guid":{"rendered":"http:\/\/www.juttahenglein.de\/wp_jutta\/?page_id=59"},"modified":"2026-03-19T08:25:47","modified_gmt":"2026-03-19T07:25:47","slug":"cv","status":"publish","type":"page","link":"https:\/\/www.juttahenglein.de\/?page_id=59","title":{"rendered":"\u00fcber mich"},"content":{"rendered":"<p>&nbsp;<\/p>\r\n<p>Fotografie, Siebdruck, Grafik und Film. Meine Arbeiten entstehen aus der Beobachtung des Alltags heraus und sind meistens autobiographisch motiviert. Transzendenz, \u00dcberg\u00e4nge, Unsch\u00e4rfen faszinieren mich &#8211; ein Lichtreflex auf der Hauswand &#8211; ein Moment der Wahrnehmung von Licht und Zeit.<\/p>\r\n<p>Und, ich frage mich &#8211;\u00a0 ist eine verschwommene Fotografie \u00fcberhaupt eine Fotografie? Kann man ein unscharfes Bild immer mit Vorteil durch ein Scharfes ersetzen und ist das unscharfe Bild nicht gerade das, was wir brauchen?<\/p>\r\n<p>Mit den M\u00f6glichkeiten der Darstellung von Prozessen der Verg\u00e4nglichkeit zu experimentieren, die Untersuchung analoger und digitaler Sichtweisen, das sich wechselseitig Bedingende oder Vereinende, sind Schwerpunkte meiner Arbeit.<\/p>\r\n<p>In Heidelberg geboren lebe ich seit 1975 in Berlin. Nach einer Ausbildung an der Letteschule f\u00fcr Fotografie, studierte ich\u00a0 an der Hdk, Berlin &#8216;Experimentelle Filmgestaltung\u2019 und bin Meistersch\u00fclerin von Prof. Ramsbott.<br \/>Am Theater arbeitete ich in den 80 und 90er Jahren als Fotografin, Regieassistentin und Ausstatterin, beim Film als Kamera- und Regieassistentin. Mit einem Naf\u00f6g- Stipendium und Lehrauftr\u00e4gen blieb ich bis 1995 an der Hdk. Ich beteiligte mich an einigen Gruppenausstellungen und es gab eine Einzelausstellung im Kunsthaus Essen.<br \/>Die letzten zwanzig Jahre hab ich mit viel Freude meine zwei S\u00f6hne gro\u00dfgezogen und blicke verwundert auf meine neu gewonnene Freiheit und deren Anforderungen.<br \/>Sch\u00f6n, dass ich mich weiterhin mit den Bildern besch\u00e4ftigen kann.<\/p>\r\n<p>&nbsp;<\/p>\r\n<p><img decoding=\"async\" loading=\"lazy\" class=\"alignnone size-full wp-image-154\" src=\"http:\/\/www.juttahenglein.de\/wp-content\/uploads\/2012\/03\/jutta1sw.jpg\" alt=\"\" width=\"257\" height=\"242\" \/><\/p>\r\n<p style=\"text-align: right;\">\u00a0<\/p>\r\n<p>&nbsp;<\/p>\r\n<p>Jutta Henglein-Bildau lebt und arbeitet in Berlin \/ Kleinmachnow<\/p>\r\n\r\n\r\n\r\n\r\n\r\n<figure class=\"wp-block-gallery has-nested-images columns-default is-cropped wp-block-gallery-1 is-layout-flex wp-block-gallery-is-layout-flex\"><\/figure>\r\n\r\n\r\n\r\n<figure class=\"wp-block-gallery has-nested-images columns-default is-cropped wp-block-gallery-3 is-layout-flex wp-block-gallery-is-layout-flex\"><\/figure>\r\n","protected":false},"excerpt":{"rendered":"<p>&nbsp; Fotografie, Siebdruck, Grafik und Film. Meine Arbeiten entstehen aus der Beobachtung des Alltags heraus und sind meistens autobiographisch motiviert. Transzendenz, \u00dcberg\u00e4nge, Unsch\u00e4rfen faszinieren mich &#8211; ein Lichtreflex auf der Hauswand &#8211; ein Moment der Wahrnehmung von Licht und Zeit. Und, ich frage mich &#8211;\u00a0 ist eine verschwommene Fotografie \u00fcberhaupt eine Fotografie? Kann man ein [&hellip;]<\/p>\n","protected":false},"author":1,"featured_media":0,"parent":0,"menu_order":0,"comment_status":"closed","ping_status":"closed","template":"","meta":{"footnotes":""},"_links":{"self":[{"href":"https:\/\/www.juttahenglein.de\/index.php?rest_route=\/wp\/v2\/pages\/59"}],"collection":[{"href":"https:\/\/www.juttahenglein.de\/index.php?rest_route=\/wp\/v2\/pages"}],"about":[{"href":"https:\/\/www.juttahenglein.de\/index.php?rest_route=\/wp\/v2\/types\/page"}],"author":[{"embeddable":true,"href":"https:\/\/www.juttahenglein.de\/index.php?rest_route=\/wp\/v2\/users\/1"}],"replies":[{"embeddable":true,"href":"https:\/\/www.juttahenglein.de\/index.php?rest_route=%2Fwp%2Fv2%2Fcomments&post=59"}],"version-history":[{"count":64,"href":"https:\/\/www.juttahenglein.de\/index.php?rest_route=\/wp\/v2\/pages\/59\/revisions"}],"predecessor-version":[{"id":1472,"href":"https:\/\/www.juttahenglein.de\/index.php?rest_route=\/wp\/v2\/pages\/59\/revisions\/1472"}],"wp:attachment":[{"href":"https:\/\/www.juttahenglein.de\/index.php?rest_route=%2Fwp%2Fv2%2Fmedia&parent=59"}],"curies":[{"name":"wp","href":"https:\/\/api.w.org\/{rel}","templated":true}]}}